{"id":27022,"date":"2023-10-12T16:54:29","date_gmt":"2023-10-12T16:54:29","guid":{"rendered":"https:\/\/iselinegandaho.com\/?page_id=27022"},"modified":"2025-10-08T16:51:15","modified_gmt":"2025-10-08T20:51:15","slug":"entrepreneure","status":"publish","type":"page","link":"https:\/\/iselinegandaho.com\/fr\/entrepreneure\/","title":{"rendered":"L&rsquo;entrepreneure"},"content":{"rendered":"\t\t<div data-elementor-type=\"wp-page\" data-elementor-id=\"27022\" class=\"elementor elementor-27022\" data-elementor-post-type=\"page\">\n\t\t\t\t\t\t<section class=\"elementor-section elementor-top-section elementor-element elementor-element-749da198 elementor-section-height-min-height scheme_dark elementor-section-boxed elementor-section-height-default elementor-section-items-middle sc_fly_static\" data-id=\"749da198\" data-element_type=\"section\" data-settings=\"{&quot;background_background&quot;:&quot;classic&quot;}\">\n\t\t\t\t\t\t\t<div class=\"elementor-background-overlay\"><\/div>\n\t\t\t\t\t\t\t<div class=\"elementor-container elementor-column-gap-extended\">\n\t\t\t\t\t<div class=\"elementor-column elementor-col-100 elementor-top-column elementor-element elementor-element-1737fad sc-mobile_inner_width_none sc-mobile_content_align_inherit sc_extra_bg_large sc_inner_width_none sc_content_align_inherit sc_layouts_column_icons_position_left sc_fly_static\" data-id=\"1737fad\" data-element_type=\"column\">\n\t\t\t<div class=\"elementor-widget-wrap elementor-element-populated\">\n\t\t\t\t\t\t<div class=\"elementor-element elementor-element-e0b1b24 sc_height_tiny sc_fly_static elementor-widget elementor-widget-spacer\" data-id=\"e0b1b24\" data-element_type=\"widget\" data-widget_type=\"spacer.default\">\n\t\t\t\t<div class=\"elementor-widget-container\">\n\t\t\t\t\t\t\t<div class=\"elementor-spacer\">\n\t\t\t<div class=\"elementor-spacer-inner\"><\/div>\n\t\t<\/div>\n\t\t\t\t\t\t<\/div>\n\t\t\t\t<\/div>\n\t\t\t\t<div class=\"elementor-element elementor-element-4af83a7 sc_fly_static elementor-widget elementor-widget-spacer\" data-id=\"4af83a7\" data-element_type=\"widget\" data-widget_type=\"spacer.default\">\n\t\t\t\t<div class=\"elementor-widget-container\">\n\t\t\t\t\t\t\t<div class=\"elementor-spacer\">\n\t\t\t<div class=\"elementor-spacer-inner\"><\/div>\n\t\t<\/div>\n\t\t\t\t\t\t<\/div>\n\t\t\t\t<\/div>\n\t\t\t\t<div class=\"elementor-element elementor-element-43d5eecb sc_fly_static elementor-widget elementor-widget-spacer\" data-id=\"43d5eecb\" data-element_type=\"widget\" data-widget_type=\"spacer.default\">\n\t\t\t\t<div class=\"elementor-widget-container\">\n\t\t\t\t\t\t\t<div class=\"elementor-spacer\">\n\t\t\t<div class=\"elementor-spacer-inner\"><\/div>\n\t\t<\/div>\n\t\t\t\t\t\t<\/div>\n\t\t\t\t<\/div>\n\t\t\t\t\t<\/div>\n\t\t<\/div>\n\t\t\t\t\t<\/div>\n\t\t<\/section>\n\t\t\t\t<section class=\"elementor-section elementor-top-section elementor-element elementor-element-fd01501 elementor-section-full_width elementor-section-content-middle elementor-section-height-default elementor-section-height-default sc_fly_static\" data-id=\"fd01501\" data-element_type=\"section\">\n\t\t\t\t\t\t<div class=\"elementor-container elementor-column-gap-no\">\n\t\t\t\t\t<div class=\"elementor-column elementor-col-50 elementor-top-column elementor-element elementor-element-6b33450 sc_inner_width_none sc_content_align_inherit sc_layouts_column_icons_position_left sc_fly_static\" data-id=\"6b33450\" data-element_type=\"column\">\n\t\t\t<div class=\"elementor-widget-wrap elementor-element-populated\">\n\t\t\t\t\t\t<div class=\"elementor-element elementor-element-6964d7c elementor-widget-tablet__width-initial elementor-widget__width-initial sc_fly_static elementor-widget elementor-widget-trx_sc_title\" data-id=\"6964d7c\" data-element_type=\"widget\" data-widget_type=\"trx_sc_title.default\">\n\t\t\t\t<div class=\"elementor-widget-container\">\n\t\t\t\t\t<div\t\tclass=\"sc_title sc_title_default\" ><h1 class=\"sc_item_title sc_title_title sc_item_title_style_default sc_item_title_tag trx_addons_inline_1396132237\"\n\t\t\t><span class=\"sc_item_title_text\">L'entrepreneure<\/span><\/h1><\/div>\t\t\t\t<\/div>\n\t\t\t\t<\/div>\n\t\t\t\t<div class=\"elementor-element elementor-element-a94a707 sc_height_tiny sc_fly_static elementor-widget elementor-widget-spacer\" data-id=\"a94a707\" data-element_type=\"widget\" data-widget_type=\"spacer.default\">\n\t\t\t\t<div class=\"elementor-widget-container\">\n\t\t\t\t\t\t\t<div class=\"elementor-spacer\">\n\t\t\t<div class=\"elementor-spacer-inner\"><\/div>\n\t\t<\/div>\n\t\t\t\t\t\t<\/div>\n\t\t\t\t<\/div>\n\t\t\t\t<div class=\"elementor-element elementor-element-f5b3a46 animation_type_block sc_fly_static elementor-invisible elementor-widget elementor-widget-text-editor\" data-id=\"f5b3a46\" data-element_type=\"widget\" data-settings=\"{&quot;_animation&quot;:&quot;fitline-fadeinup&quot;,&quot;_animation_delay&quot;:100}\" data-widget_type=\"text-editor.default\">\n\t\t\t\t<div class=\"elementor-widget-container\">\n\t\t\t\t\t\t\t\t\t<p>Iseline Gandaho est une v\u00e9ritable amazone du Dahomey, symbole de force, de courage, d\u2019audace et de r\u00e9silience. Originaire du B\u00e9nin, elle incarne ces valeurs dans sa vie quotidienne et ses engagements professionnels.<\/p>\t\t\t\t\t\t\t\t<\/div>\n\t\t\t\t<\/div>\n\t\t\t\t<div class=\"elementor-element elementor-element-1fe1448 sc_height_small sc_fly_static elementor-widget elementor-widget-spacer\" data-id=\"1fe1448\" data-element_type=\"widget\" data-widget_type=\"spacer.default\">\n\t\t\t\t<div class=\"elementor-widget-container\">\n\t\t\t\t\t\t\t<div class=\"elementor-spacer\">\n\t\t\t<div class=\"elementor-spacer-inner\"><\/div>\n\t\t<\/div>\n\t\t\t\t\t\t<\/div>\n\t\t\t\t<\/div>\n\t\t\t\t<div class=\"elementor-element elementor-element-82509c5 animation_type_block sc_fly_static elementor-invisible elementor-widget elementor-widget-text-editor\" data-id=\"82509c5\" data-element_type=\"widget\" data-settings=\"{&quot;_animation&quot;:&quot;fitline-fadeinup&quot;,&quot;_animation_delay&quot;:100}\" data-widget_type=\"text-editor.default\">\n\t\t\t\t<div class=\"elementor-widget-container\">\n\t\t\t\t\t\t\t\t\t<p>Forte de son h\u00e9ritage familial et culturel, Iseline a su surmonter de nombreux d\u00e9fis pour se forger un parcours exceptionnel de vie. Sa d\u00e9termination lui a permis de b\u00e2tir plusieurs entreprises \u00e0 port\u00e9e locale et internationale, o\u00f9 elle allie strat\u00e9gie et humanit\u00e9 pour g\u00e9n\u00e9rer un impact positif et durable.<\/p><p>Elle partage ses connaissances et son exp\u00e9rience \u00e0 travers des conf\u00e9rences inspirantes, des ateliers de formation, \u00e9missions et publications. Sa mission est d\u2019accompagner les individus et les organisations vers l\u2019\u00e9panouissement personnel et professionnel, en \u00e9veillant leur potentiel et en leur fournissant les outils n\u00e9cessaires pour r\u00e9ussir.<\/p>\t\t\t\t\t\t\t\t<\/div>\n\t\t\t\t<\/div>\n\t\t\t\t<div class=\"elementor-element elementor-element-33ed9ed sc_height_medium sc_fly_static elementor-widget elementor-widget-spacer\" data-id=\"33ed9ed\" data-element_type=\"widget\" data-widget_type=\"spacer.default\">\n\t\t\t\t<div class=\"elementor-widget-container\">\n\t\t\t\t\t\t\t<div class=\"elementor-spacer\">\n\t\t\t<div class=\"elementor-spacer-inner\"><\/div>\n\t\t<\/div>\n\t\t\t\t\t\t<\/div>\n\t\t\t\t<\/div>\n\t\t\t\t\t<\/div>\n\t\t<\/div>\n\t\t\t\t<div class=\"elementor-column elementor-col-50 elementor-top-column elementor-element elementor-element-20b97be sc_inner_width_none sc_content_align_inherit sc_layouts_column_icons_position_left sc_fly_static\" data-id=\"20b97be\" data-element_type=\"column\" data-settings=\"{&quot;background_background&quot;:&quot;classic&quot;}\">\n\t\t\t<div class=\"elementor-widget-wrap elementor-element-populated\">\n\t\t\t\t\t\t<div class=\"elementor-element elementor-element-14091bf elementor-widget__width-initial elementor-widget-tablet__width-initial elementor-widget-mobile__width-initial sc_fly_static elementor-widget elementor-widget-spacer\" data-id=\"14091bf\" data-element_type=\"widget\" data-widget_type=\"spacer.default\">\n\t\t\t\t<div class=\"elementor-widget-container\">\n\t\t\t\t\t\t\t<div class=\"elementor-spacer\">\n\t\t\t<div class=\"elementor-spacer-inner\"><\/div>\n\t\t<\/div>\n\t\t\t\t\t\t<\/div>\n\t\t\t\t<\/div>\n\t\t\t\t\t<\/div>\n\t\t<\/div>\n\t\t\t\t\t<\/div>\n\t\t<\/section>\n\t\t\t\t<section class=\"elementor-section elementor-top-section elementor-element elementor-element-222b80c elementor-section-boxed elementor-section-height-default elementor-section-height-default sc_fly_static\" data-id=\"222b80c\" data-element_type=\"section\" data-settings=\"{&quot;background_background&quot;:&quot;classic&quot;}\">\n\t\t\t\t\t\t<div class=\"elementor-container elementor-column-gap-extended\">\n\t\t\t\t\t<div class=\"elementor-column elementor-col-100 elementor-top-column elementor-element elementor-element-54657af sc_inner_width_none sc_content_align_inherit sc_layouts_column_icons_position_left sc_fly_static\" data-id=\"54657af\" data-element_type=\"column\">\n\t\t\t<div class=\"elementor-widget-wrap elementor-element-populated\">\n\t\t\t\t\t\t<div class=\"elementor-element elementor-element-201638a sc_height_medium sc_fly_static elementor-widget elementor-widget-spacer\" data-id=\"201638a\" data-element_type=\"widget\" data-widget_type=\"spacer.default\">\n\t\t\t\t<div class=\"elementor-widget-container\">\n\t\t\t\t\t\t\t<div class=\"elementor-spacer\">\n\t\t\t<div class=\"elementor-spacer-inner\"><\/div>\n\t\t<\/div>\n\t\t\t\t\t\t<\/div>\n\t\t\t\t<\/div>\n\t\t\t\t<div class=\"elementor-element elementor-element-ea83fd3 scheme_default animation_type_block sc_fly_static elementor-invisible elementor-widget elementor-widget-trx_sc_testimonials\" data-id=\"ea83fd3\" data-element_type=\"widget\" data-settings=\"{&quot;_animation&quot;:&quot;fitline-fadeinup&quot;,&quot;_animation_delay&quot;:100}\" data-widget_type=\"trx_sc_testimonials.default\">\n\t\t\t\t<div class=\"elementor-widget-container\">\n\t\t\t\t\t<div \t\tclass=\"sc_testimonials scheme_default sc_testimonials_alter\"><div class=\"sc_testimonials_content sc_item_content\"><div data-post-id=\"23618\" class=\"sc_testimonials_item sc_item_container post_container\">\r\n\r\n\t<div class=\"sc_testimonials_item_top\">\r\n\t\t\t\t<div class=\"sc_testimonials_item_author_avatar\"><img decoding=\"async\" width=\"120\" height=\"120\" src=\"https:\/\/iselinegandaho.com\/wp-content\/uploads\/2024\/09\/Sous-titre-13-120x120.png\" class=\"attachment-fitline-thumb-tiny size-fitline-thumb-tiny wp-post-image\" alt=\"Iseline Gandaho\" srcset=\"https:\/\/iselinegandaho.com\/wp-content\/uploads\/2024\/09\/Sous-titre-13-120x120.png 120w, https:\/\/iselinegandaho.com\/wp-content\/uploads\/2024\/09\/Sous-titre-13-150x150.png 150w, https:\/\/iselinegandaho.com\/wp-content\/uploads\/2024\/09\/Sous-titre-13-630x630.png 630w, https:\/\/iselinegandaho.com\/wp-content\/uploads\/2024\/09\/Sous-titre-13-370x370.png 370w\" sizes=\"(max-width: 120px) 100vw, 120px\" \/><\/div>\r\n\t\t\t<\/div>\r\n\r\n\t<div class=\"sc_testimonials_item_content\"><p>Je croit fermement que chaque personne a en elle la capacit\u00e9 de transformer ses plus grands r\u00eaves en r\u00e9alit\u00e9. Je m&rsquo;engage \u00e0 \u00eatre un phare de motivation et de soutien pour ceux qui aspirent \u00e0 un avenir meilleur, plus inclusif et plus \u00e9panouissant.<\/p><p>Rejoignez-moi dans cette aventure et d\u00e9couvrez comment vous pouvez lib\u00e9rer votre potentiel, tout en incarnant la force et la r\u00e9silience d\u2019une v\u00e9ritable amazone.<\/p><\/div>\r\n\t<div class=\"sc_testimonials_item_author\">\r\n\t\t<div class=\"sc_testimonials_item_author_data\">\r\n\t\t\t<h4 class=\"sc_testimonials_item_author_title\">Iseline Gandaho<\/h4>\r\n\t\t\t\t\t<\/div>\r\n\t<\/div>\r\n<\/div>\r\n<\/div><\/div><!-- \/.sc_testimonials -->\t\t\t\t<\/div>\n\t\t\t\t<\/div>\n\t\t\t\t<div class=\"elementor-element elementor-element-31dc1bf sc_height_huge sc_fly_static elementor-widget elementor-widget-spacer\" data-id=\"31dc1bf\" data-element_type=\"widget\" data-widget_type=\"spacer.default\">\n\t\t\t\t<div class=\"elementor-widget-container\">\n\t\t\t\t\t\t\t<div class=\"elementor-spacer\">\n\t\t\t<div class=\"elementor-spacer-inner\"><\/div>\n\t\t<\/div>\n\t\t\t\t\t\t<\/div>\n\t\t\t\t<\/div>\n\t\t\t\t\t<\/div>\n\t\t<\/div>\n\t\t\t\t\t<\/div>\n\t\t<\/section>\n\t\t\t\t<section class=\"elementor-section elementor-top-section elementor-element elementor-element-d9567b8 elementor-section-full_width elementor-section-content-middle elementor-section-height-default elementor-section-height-default sc_fly_static\" data-id=\"d9567b8\" data-element_type=\"section\">\n\t\t\t\t\t\t<div class=\"elementor-container elementor-column-gap-no\">\n\t\t\t\t\t<div class=\"elementor-column elementor-col-50 elementor-top-column elementor-element elementor-element-39d5aac sc_inner_width_none sc_content_align_inherit sc_layouts_column_icons_position_left sc_fly_static\" data-id=\"39d5aac\" data-element_type=\"column\" data-settings=\"{&quot;background_background&quot;:&quot;classic&quot;}\">\n\t\t\t<div class=\"elementor-widget-wrap elementor-element-populated\">\n\t\t\t\t\t\t<div class=\"elementor-element elementor-element-4c63ab5 sc_fly_static elementor-widget elementor-widget-spacer\" data-id=\"4c63ab5\" data-element_type=\"widget\" data-widget_type=\"spacer.default\">\n\t\t\t\t<div class=\"elementor-widget-container\">\n\t\t\t\t\t\t\t<div class=\"elementor-spacer\">\n\t\t\t<div class=\"elementor-spacer-inner\"><\/div>\n\t\t<\/div>\n\t\t\t\t\t\t<\/div>\n\t\t\t\t<\/div>\n\t\t\t\t\t<\/div>\n\t\t<\/div>\n\t\t\t\t<div class=\"elementor-column elementor-col-50 elementor-top-column elementor-element elementor-element-7f28be1 sc_inner_width_none sc_content_align_inherit sc_layouts_column_icons_position_left sc_fly_static\" data-id=\"7f28be1\" data-element_type=\"column\">\n\t\t\t<div class=\"elementor-widget-wrap elementor-element-populated\">\n\t\t\t\t\t\t<div class=\"elementor-element elementor-element-f43da98 sc_fly_static elementor-widget elementor-widget-spacer\" data-id=\"f43da98\" data-element_type=\"widget\" data-widget_type=\"spacer.default\">\n\t\t\t\t<div class=\"elementor-widget-container\">\n\t\t\t\t\t\t\t<div class=\"elementor-spacer\">\n\t\t\t<div class=\"elementor-spacer-inner\"><\/div>\n\t\t<\/div>\n\t\t\t\t\t\t<\/div>\n\t\t\t\t<\/div>\n\t\t\t\t<div class=\"elementor-element elementor-element-51e784f elementor-widget-tablet__width-initial sc_fly_static elementor-widget elementor-widget-trx_sc_title\" data-id=\"51e784f\" data-element_type=\"widget\" data-widget_type=\"trx_sc_title.default\">\n\t\t\t\t<div class=\"elementor-widget-container\">\n\t\t\t\t\t<div\t\tclass=\"sc_title sc_title_default\" ><span class=\"sc_item_subtitle sc_title_subtitle sc_item_subtitle_above sc_item_title_style_default\">Contactez-nous<\/span><h1 class=\"sc_item_title sc_title_title sc_item_title_style_default sc_item_title_tag\"\n\t\t\t><span class=\"sc_item_title_text\">Avez-vous une question?<\/span><\/h1><\/div>\t\t\t\t<\/div>\n\t\t\t\t<\/div>\n\t\t\t\t<div class=\"elementor-element elementor-element-20370e8 sc_fly_static elementor-widget elementor-widget-spacer\" data-id=\"20370e8\" data-element_type=\"widget\" data-widget_type=\"spacer.default\">\n\t\t\t\t<div class=\"elementor-widget-container\">\n\t\t\t\t\t\t\t<div class=\"elementor-spacer\">\n\t\t\t<div class=\"elementor-spacer-inner\"><\/div>\n\t\t<\/div>\n\t\t\t\t\t\t<\/div>\n\t\t\t\t<\/div>\n\t\t\t\t<div class=\"elementor-element elementor-element-61b6752 sc_fly_static elementor-widget elementor-widget-html\" data-id=\"61b6752\" data-element_type=\"widget\" data-widget_type=\"html.default\">\n\t\t\t\t<div class=\"elementor-widget-container\">\n\t\t\t\t\t<iframe\n    src=\"https:\/\/api.leadconnectorhq.com\/widget\/form\/QiejvQGphAvUrPvvozce\"\n    style=\"width:100%;height:100%;border:none;border-radius:3px\"\n    id=\"inline-QiejvQGphAvUrPvvozce\" \n    data-layout=\"{'id':'INLINE'}\"\n    data-trigger-type=\"alwaysShow\"\n    data-trigger-value=\"\"\n    data-activation-type=\"alwaysActivated\"\n    data-activation-value=\"\"\n    data-deactivation-type=\"neverDeactivate\"\n    data-deactivation-value=\"\"\n    data-form-name=\"[WEBSITE] A2P Contact Form\"\n    data-height=\"658\"\n    data-layout-iframe-id=\"inline-QiejvQGphAvUrPvvozce\"\n    data-form-id=\"QiejvQGphAvUrPvvozce\"\n    title=\"[WEBSITE] A2P Contact Form\"\n        >\n<\/iframe>\n<script src=\"https:\/\/link.msgsndr.com\/js\/form_embed.js\"><\/script>\t\t\t\t<\/div>\n\t\t\t\t<\/div>\n\t\t\t\t<div class=\"elementor-element elementor-element-098e593 sc_fly_static elementor-widget elementor-widget-spacer\" data-id=\"098e593\" data-element_type=\"widget\" data-widget_type=\"spacer.default\">\n\t\t\t\t<div class=\"elementor-widget-container\">\n\t\t\t\t\t\t\t<div class=\"elementor-spacer\">\n\t\t\t<div class=\"elementor-spacer-inner\"><\/div>\n\t\t<\/div>\n\t\t\t\t\t\t<\/div>\n\t\t\t\t<\/div>\n\t\t\t\t<div class=\"elementor-element elementor-element-0ffa936 elementor-widget__width-auto elementor-absolute no-select animation_type_block sc_fly_static elementor-invisible elementor-widget elementor-widget-image\" data-id=\"0ffa936\" data-element_type=\"widget\" data-settings=\"{&quot;_position&quot;:&quot;absolute&quot;,&quot;_animation&quot;:&quot;fadeIn&quot;,&quot;_animation_delay&quot;:100}\" data-widget_type=\"image.default\">\n\t\t\t\t<div class=\"elementor-widget-container\">\n\t\t\t\t\t\t\t\t\t\t\t\t\t\t\t<img fetchpriority=\"high\" decoding=\"async\" width=\"568\" height=\"468\" src=\"https:\/\/iselinegandaho.com\/wp-content\/uploads\/2023\/10\/decor-elm-3.svg\" class=\"attachment-full size-full wp-image-23911\" alt=\"\" \/>\t\t\t\t\t\t\t\t\t\t\t\t\t\t\t<\/div>\n\t\t\t\t<\/div>\n\t\t\t\t\t<\/div>\n\t\t<\/div>\n\t\t\t\t\t<\/div>\n\t\t<\/section>\n\t\t\t\t<\/div>\n\t\t","protected":false},"excerpt":{"rendered":"<p>L&rsquo;entrepreneure Iseline Gandaho est une v\u00e9ritable amazone du Dahomey, symbole de force, de courage, d\u2019audace et de r\u00e9silience. Originaire du B\u00e9nin, elle incarne ces valeurs dans sa vie quotidienne et&hellip;<\/p>\n","protected":false},"author":1,"featured_media":0,"parent":0,"menu_order":0,"comment_status":"closed","ping_status":"closed","template":"","meta":{"_coblocks_attr":"","_coblocks_dimensions":"","_coblocks_responsive_height":"","_coblocks_accordion_ie_support":"","footnotes":""},"class_list":["post-27022","page","type-page","status-publish","hentry"],"_links":{"self":[{"href":"https:\/\/iselinegandaho.com\/fr\/wp-json\/wp\/v2\/pages\/27022","targetHints":{"allow":["GET"]}}],"collection":[{"href":"https:\/\/iselinegandaho.com\/fr\/wp-json\/wp\/v2\/pages"}],"about":[{"href":"https:\/\/iselinegandaho.com\/fr\/wp-json\/wp\/v2\/types\/page"}],"author":[{"embeddable":true,"href":"https:\/\/iselinegandaho.com\/fr\/wp-json\/wp\/v2\/users\/1"}],"replies":[{"embeddable":true,"href":"https:\/\/iselinegandaho.com\/fr\/wp-json\/wp\/v2\/comments?post=27022"}],"version-history":[{"count":66,"href":"https:\/\/iselinegandaho.com\/fr\/wp-json\/wp\/v2\/pages\/27022\/revisions"}],"predecessor-version":[{"id":29192,"href":"https:\/\/iselinegandaho.com\/fr\/wp-json\/wp\/v2\/pages\/27022\/revisions\/29192"}],"wp:attachment":[{"href":"https:\/\/iselinegandaho.com\/fr\/wp-json\/wp\/v2\/media?parent=27022"}],"curies":[{"name":"wp","href":"https:\/\/api.w.org\/{rel}","templated":true}]}}